{"id":25635,"date":"2016-11-17T17:51:16","date_gmt":"2016-11-17T17:51:16","guid":{"rendered":"http:\/\/bernardocasado.com\/english\/?page_id=25635"},"modified":"2022-11-17T09:45:14","modified_gmt":"2022-11-17T09:45:14","slug":"servicios-de-locucion","status":"publish","type":"page","link":"https:\/\/bernardocasado.com\/english\/servicios-de-locucion\/","title":{"rendered":"LOCUTION SERVICES"},"content":{"rendered":"<p>[et_pb_section fb_built=&#8221;1&#8243; fullwidth=&#8221;on&#8221; module_class=&#8221;header_dark&#8221; _builder_version=&#8221;4.18.0&#8243; background_enable_color=&#8221;off&#8221; use_background_color_gradient=&#8221;on&#8221; background_color_gradient_stops=&#8221;rgba(0,0,0,0.51) 0%|rgba(0,0,0,0.5) 100%&#8221; background_color_gradient_overlays_image=&#8221;on&#8221; background_color_gradient_start=&#8221;rgba(0,0,0,0.51)&#8221; background_color_gradient_end=&#8221;rgba(0,0,0,0.5)&#8221; background_image=&#8221;https:\/\/bernardocasado.com\/english\/wp-content\/uploads\/sites\/2\/2022\/11\/pexels-pixabay-164907.jpg&#8221; background_blend=&#8221;multiply&#8221; hover_enabled=&#8221;0&#8243; custom_css_before=&#8221;|| &#8221; global_colors_info=&#8221;{}&#8221; custom_css_before__hover_enabled=&#8221;on|desktop&#8221; custom_css_before__hover=&#8221;|| &#8221; custom_margin=&#8221;0px||||false|false&#8221; custom_padding=&#8221;70px||||false|false&#8221; sticky_enabled=&#8221;0&#8243;][et_pb_fullwidth_header title=&#8221;LOCUTION SERVICES&#8221; subhead=&#8221;The perfect voice to make your projects not be just another one&#8221; _builder_version=&#8221;4.18.0&#8243; title_text_align=&#8221;center&#8221; title_text_color=&#8221;#ffffff&#8221; title_font_size=&#8221;29px&#8221; title_letter_spacing=&#8221;2px&#8221; content_text_align=&#8221;center&#8221; content_text_color=&#8221;#ffffff&#8221; subhead_font=&#8221;|||on|||||&#8221; subhead_text_align=&#8221;center&#8221; subhead_text_color=&#8221;#ffffff&#8221; subhead_letter_spacing=&#8221;2px&#8221; background_enable_color=&#8221;off&#8221; background_enable_image=&#8221;off&#8221; custom_padding=&#8221;3%||3%||false|false&#8221; hover_enabled=&#8221;0&#8243; global_colors_info=&#8221;{}&#8221; sticky_enabled=&#8221;0&#8243;][\/et_pb_fullwidth_header][\/et_pb_section][et_pb_section fb_built=&#8221;1&#8243; _builder_version=&#8221;4.16&#8243; use_background_color_gradient=&#8221;on&#8221; background_color_gradient_type=&#8221;circular&#8221; background_color_gradient_stops=&#8221;#ffffff 0%|rgba(255,255,255,0.69) 100%&#8221; background_color_gradient_overlays_image=&#8221;on&#8221; background_color_gradient_start=&#8221;#ffffff&#8221; background_color_gradient_end=&#8221;rgba(255,255,255,0.69)&#8221; background_image=&#8221;https:\/\/bernardocasado.com\/english\/wp-content\/uploads\/sites\/2\/2022\/11\/FLOWER_25.png&#8221; background_size=&#8221;contain&#8221; custom_margin=&#8221;3%||||false|false&#8221; global_colors_info=&#8221;{}&#8221;][et_pb_row column_structure=&#8221;1_2,1_2&#8243; make_equal=&#8221;on&#8221; _builder_version=&#8221;4.16&#8243; custom_margin=&#8221;||||false|false&#8221; border_color_top=&#8221;#f9f6f4&#8243; global_colors_info=&#8221;{}&#8221;][et_pb_column type=&#8221;1_2&#8243; module_class=&#8221;emily_service_shadow_left&#8221; _builder_version=&#8221;4.16&#8243; global_colors_info=&#8221;{}&#8221;][et_pb_image src=&#8221;https:\/\/bernardocasado.com\/english\/wp-content\/uploads\/sites\/2\/2022\/11\/pexels-wallace-chuck-3587496.jpg&#8221; alt=&#8221;biograf\u00eda Gabriella de Esteban&#8221; title_text=&#8221;pexels-wallace-chuck-3587496&#8243; align_tablet=&#8221;center&#8221; align_phone=&#8221;&#8221; align_last_edited=&#8221;on|desktop&#8221; _builder_version=&#8221;4.18.0&#8243; locked=&#8221;off&#8221; global_colors_info=&#8221;{}&#8221;][\/et_pb_image][et_pb_text _builder_version=&#8221;4.16&#8243; text_font_size=&#8221;99px&#8221; header_2_font_size=&#8221;100px&#8221; text_orientation=&#8221;right&#8221; custom_margin=&#8221;-20%||||false|false&#8221; global_colors_info=&#8221;{}&#8221;][\/et_pb_text][\/et_pb_column][et_pb_column type=&#8221;1_2&#8243; module_class=&#8221;emily_light_background&#8221; _builder_version=&#8221;4.16&#8243; custom_padding=&#8221;80px|40px|80px|40px|true|true&#8221; custom_css_main_element=&#8221;outline: 2px solid #fff;||    outline-offset: -25px;||    transition: 1s;||&#8221; global_colors_info=&#8221;{}&#8221;][et_pb_text _builder_version=&#8221;4.18.0&#8243; text_font=&#8221;||||||||&#8221; text_font_size=&#8221;18px&#8221; text_line_height=&#8221;2.2em&#8221; header_2_font=&#8221;|300|||||||&#8221; header_2_font_size=&#8221;38px&#8221; header_2_line_height=&#8221;1.4em&#8221; custom_padding=&#8221;|5%||5%|false|true&#8221; animation_style=&#8221;slide&#8221; animation_direction=&#8221;left&#8221; animation_intensity_slide=&#8221;5%&#8221; hover_enabled=&#8221;0&#8243; text_font_size_tablet=&#8221;&#8221; text_font_size_phone=&#8221;14px&#8221; text_font_size_last_edited=&#8221;on|phone&#8221; header_2_font_size_tablet=&#8221;38px&#8221; header_2_font_size_phone=&#8221;26px&#8221; header_2_font_size_last_edited=&#8221;on|phone&#8221; locked=&#8221;off&#8221; global_colors_info=&#8221;{}&#8221; header_3_font_size__hover=&#8221;22px&#8221; header_3_font_size__hover_enabled=&#8221;22px&#8221; header_3_letter_spacing__hover=&#8221;0px&#8221; header_3_letter_spacing__hover_enabled=&#8221;0px&#8221; header_3_line_height__hover=&#8221;1em&#8221; header_3_line_height__hover_enabled=&#8221;1em&#8221; header_3_text_shadow_style__hover=&#8221;none&#8221; header_3_text_shadow_style__hover_enabled=&#8221;none&#8221; header_3_text_shadow_color__hover=&#8221;rgba(0,0,0,0.4)&#8221; header_3_text_shadow_color__hover_enabled=&#8221;rgba(0,0,0,0.4)&#8221; sticky_enabled=&#8221;0&#8243;]<\/p>\n<h2 class=\"et_pb_slide_title\">Bernardo Casado. Locution services<\/h2>\n<p>[\/et_pb_text][et_pb_text _builder_version=&#8221;4.18.0&#8243; text_font=&#8221;|600|||||||&#8221; text_font_size=&#8221;17px&#8221; text_line_height=&#8221;2.2em&#8221; header_font=&#8221;||||||||&#8221; header_2_font_size=&#8221;16px&#8221; header_2_letter_spacing=&#8221;2px&#8221; header_2_line_height=&#8221;2em&#8221; header_3_font=&#8221;Roboto|300|||||||&#8221; header_3_font_size=&#8221;48px&#8221; header_3_line_height=&#8221;1.4em&#8221; custom_padding=&#8221;|5%||5%|false|true&#8221; animation_style=&#8221;slide&#8221; animation_direction=&#8221;left&#8221; animation_intensity_slide=&#8221;5%&#8221; hover_enabled=&#8221;0&#8243; text_font_size_tablet=&#8221;&#8221; text_font_size_phone=&#8221;14px&#8221; text_font_size_last_edited=&#8221;on|phone&#8221; header_3_font_size_tablet=&#8221;&#8221; header_3_font_size_phone=&#8221;36px&#8221; header_3_font_size_last_edited=&#8221;on|phone&#8221; locked=&#8221;off&#8221; global_colors_info=&#8221;{}&#8221; sticky_enabled=&#8221;0&#8243;]<\/p>\n<ul>\n<li>Corporative<\/li>\n<li>Documentary<\/li>\n<li>Commercials(TV-Radio)\u00b7Voice Actor<\/li>\n<li>Telephonic services\u00b7TV<\/li>\n<li>Radio<\/li>\n<li>Videogames\u00b7e-learning<\/li>\n<li>Web pages voice<\/li>\n<li>Audiobook<\/li>\n<li>Audioguides<\/li>\n<\/ul>\n<p>[\/et_pb_text][et_pb_blurb use_icon=&#8221;on&#8221; font_icon=&#8221;&#x22;||divi||400&#8243; icon_color=&#8221;rgba(163,138,0,0.53)&#8221; _builder_version=&#8221;4.18.0&#8243; _module_preset=&#8221;default&#8221; custom_margin=&#8221;||-68px||false|false&#8221; global_colors_info=&#8221;{}&#8221;][\/et_pb_blurb][\/et_pb_column][\/et_pb_row][\/et_pb_section]<\/p>\n","protected":false},"excerpt":{"rendered":"<p>Bernardo Casado. Locution services Corporative Documentary Commercials(TV-Radio)\u00b7Voice Actor Telephonic services\u00b7TV Radio Videogames\u00b7e-learning Web pages voice Audiobook Audioguides<\/p>\n","protected":false},"author":1,"featured_media":0,"parent":0,"menu_order":0,"comment_status":"closed","ping_status":"closed","template":"","meta":{"_et_pb_use_builder":"on","_et_pb_old_content":"","_et_gb_content_width":""},"yoast_head":"<!-- This site is optimized with the Yoast SEO plugin v20.3 - https:\/\/yoast.com\/wordpress\/plugins\/seo\/ -->\n<title>SERVICIOS DE LOCUCI\u00d3N BERNARDO CASADO<\/title>\n<meta name=\"description\" content=\"Servicios de locuci\u00f3n Bernardo Casado. La voz profesional necesaria para que tus proyectos no sean uno m\u00e1s.\" \/>\n<meta name=\"robots\" content=\"index, follow, max-snippet:-1, max-image-preview:large, max-video-preview:-1\" \/>\n<link rel=\"canonical\" href=\"https:\/\/bernardocasado.com\/english\/servicios-de-locucion\/\" \/>\n<meta property=\"og:locale\" content=\"en_US\" \/>\n<meta property=\"og:type\" content=\"article\" \/>\n<meta property=\"og:title\" content=\"SERVICIOS DE LOCUCI\u00d3N BERNARDO CASADO\" \/>\n<meta property=\"og:description\" content=\"Servicios de locuci\u00f3n Bernardo Casado. La voz profesional necesaria para que tus proyectos no sean uno m\u00e1s.\" \/>\n<meta property=\"og:url\" content=\"https:\/\/bernardocasado.com\/english\/servicios-de-locucion\/\" \/>\n<meta property=\"og:site_name\" content=\"Bernardo Casado locutor\" \/>\n<meta property=\"article:modified_time\" content=\"2022-11-17T09:45:14+00:00\" \/>\n<meta name=\"twitter:card\" content=\"summary_large_image\" \/>\n<meta name=\"twitter:label1\" content=\"Est. reading time\" \/>\n\t<meta name=\"twitter:data1\" content=\"3 minutes\" \/>\n<script type=\"application\/ld+json\" class=\"yoast-schema-graph\">{\"@context\":\"https:\/\/schema.org\",\"@graph\":[{\"@type\":\"WebPage\",\"@id\":\"https:\/\/bernardocasado.com\/english\/servicios-de-locucion\/\",\"url\":\"https:\/\/bernardocasado.com\/english\/servicios-de-locucion\/\",\"name\":\"SERVICIOS DE LOCUCI\u00d3N BERNARDO CASADO\",\"isPartOf\":{\"@id\":\"https:\/\/bernardocasado.com\/english\/#website\"},\"datePublished\":\"2016-11-17T17:51:16+00:00\",\"dateModified\":\"2022-11-17T09:45:14+00:00\",\"description\":\"Servicios de locuci\u00f3n Bernardo Casado. La voz profesional necesaria para que tus proyectos no sean uno m\u00e1s.\",\"breadcrumb\":{\"@id\":\"https:\/\/bernardocasado.com\/english\/servicios-de-locucion\/#breadcrumb\"},\"inLanguage\":\"en-US\",\"potentialAction\":[{\"@type\":\"ReadAction\",\"target\":[\"https:\/\/bernardocasado.com\/english\/servicios-de-locucion\/\"]}]},{\"@type\":\"BreadcrumbList\",\"@id\":\"https:\/\/bernardocasado.com\/english\/servicios-de-locucion\/#breadcrumb\",\"itemListElement\":[{\"@type\":\"ListItem\",\"position\":1,\"name\":\"Portada\",\"item\":\"https:\/\/bernardocasado.com\/english\/\"},{\"@type\":\"ListItem\",\"position\":2,\"name\":\"LOCUTION SERVICES\"}]},{\"@type\":\"WebSite\",\"@id\":\"https:\/\/bernardocasado.com\/english\/#website\",\"url\":\"https:\/\/bernardocasado.com\/english\/\",\"name\":\"Bernardo Casado locutor\",\"description\":\"LOCUTOR\",\"potentialAction\":[{\"@type\":\"SearchAction\",\"target\":{\"@type\":\"EntryPoint\",\"urlTemplate\":\"https:\/\/bernardocasado.com\/english\/?s={search_term_string}\"},\"query-input\":\"required name=search_term_string\"}],\"inLanguage\":\"en-US\"}]}<\/script>\n<!-- \/ Yoast SEO plugin. -->","yoast_head_json":{"title":"SERVICIOS DE LOCUCI\u00d3N BERNARDO CASADO","description":"Servicios de locuci\u00f3n Bernardo Casado. La voz profesional necesaria para que tus proyectos no sean uno m\u00e1s.","robots":{"index":"index","follow":"follow","max-snippet":"max-snippet:-1","max-image-preview":"max-image-preview:large","max-video-preview":"max-video-preview:-1"},"canonical":"https:\/\/bernardocasado.com\/english\/servicios-de-locucion\/","og_locale":"en_US","og_type":"article","og_title":"SERVICIOS DE LOCUCI\u00d3N BERNARDO CASADO","og_description":"Servicios de locuci\u00f3n Bernardo Casado. La voz profesional necesaria para que tus proyectos no sean uno m\u00e1s.","og_url":"https:\/\/bernardocasado.com\/english\/servicios-de-locucion\/","og_site_name":"Bernardo Casado locutor","article_modified_time":"2022-11-17T09:45:14+00:00","twitter_card":"summary_large_image","twitter_misc":{"Est. reading time":"3 minutes"},"schema":{"@context":"https:\/\/schema.org","@graph":[{"@type":"WebPage","@id":"https:\/\/bernardocasado.com\/english\/servicios-de-locucion\/","url":"https:\/\/bernardocasado.com\/english\/servicios-de-locucion\/","name":"SERVICIOS DE LOCUCI\u00d3N BERNARDO CASADO","isPartOf":{"@id":"https:\/\/bernardocasado.com\/english\/#website"},"datePublished":"2016-11-17T17:51:16+00:00","dateModified":"2022-11-17T09:45:14+00:00","description":"Servicios de locuci\u00f3n Bernardo Casado. La voz profesional necesaria para que tus proyectos no sean uno m\u00e1s.","breadcrumb":{"@id":"https:\/\/bernardocasado.com\/english\/servicios-de-locucion\/#breadcrumb"},"inLanguage":"en-US","potentialAction":[{"@type":"ReadAction","target":["https:\/\/bernardocasado.com\/english\/servicios-de-locucion\/"]}]},{"@type":"BreadcrumbList","@id":"https:\/\/bernardocasado.com\/english\/servicios-de-locucion\/#breadcrumb","itemListElement":[{"@type":"ListItem","position":1,"name":"Portada","item":"https:\/\/bernardocasado.com\/english\/"},{"@type":"ListItem","position":2,"name":"LOCUTION SERVICES"}]},{"@type":"WebSite","@id":"https:\/\/bernardocasado.com\/english\/#website","url":"https:\/\/bernardocasado.com\/english\/","name":"Bernardo Casado locutor","description":"LOCUTOR","potentialAction":[{"@type":"SearchAction","target":{"@type":"EntryPoint","urlTemplate":"https:\/\/bernardocasado.com\/english\/?s={search_term_string}"},"query-input":"required name=search_term_string"}],"inLanguage":"en-US"}]}},"_links":{"self":[{"href":"https:\/\/bernardocasado.com\/english\/wp-json\/wp\/v2\/pages\/25635"}],"collection":[{"href":"https:\/\/bernardocasado.com\/english\/wp-json\/wp\/v2\/pages"}],"about":[{"href":"https:\/\/bernardocasado.com\/english\/wp-json\/wp\/v2\/types\/page"}],"author":[{"embeddable":true,"href":"https:\/\/bernardocasado.com\/english\/wp-json\/wp\/v2\/users\/1"}],"replies":[{"embeddable":true,"href":"https:\/\/bernardocasado.com\/english\/wp-json\/wp\/v2\/comments?post=25635"}],"version-history":[{"count":4,"href":"https:\/\/bernardocasado.com\/english\/wp-json\/wp\/v2\/pages\/25635\/revisions"}],"predecessor-version":[{"id":25749,"href":"https:\/\/bernardocasado.com\/english\/wp-json\/wp\/v2\/pages\/25635\/revisions\/25749"}],"wp:attachment":[{"href":"https:\/\/bernardocasado.com\/english\/wp-json\/wp\/v2\/media?parent=25635"}],"curies":[{"name":"wp","href":"https:\/\/api.w.org\/{rel}","templated":true}]}}